{"id":384,"date":"2014-03-09T16:09:28","date_gmt":"2014-03-09T16:09:28","guid":{"rendered":"http:\/\/wordpress.theenglishway.com\/?page_id=384"},"modified":"2016-09-01T06:23:24","modified_gmt":"2016-09-01T06:23:24","slug":"privacidad","status":"publish","type":"page","link":"http:\/\/www.theenglishway.com\/?page_id=384","title":{"rendered":"Privacidad"},"content":{"rendered":"<p style=\"text-align: justify;\"><strong>POL\u00cdTICA DE PRIVACIDAD:<\/strong><\/p>\n<p style=\"text-align: justify;\">En cumplimiento del art\u00edculo 5 de la Ley 15\/1999, por el que se regula el derecho de informaci\u00f3n en la recogida de los datos, se le informa de los siguientes extremos:<\/p>\n<p style=\"text-align: justify;\">Los datos de car\u00e1cter personal que sean recabados de Ud. ser\u00e1n incorporados a un fichero cuyo responsable es THE ENGLISH WAY, C.B.. La recogida de datos tendr\u00e1 como finalidad ser incluido en nuestra base de datos.<\/p>\n<p style=\"text-align: justify;\">Igualmente le informamos que puede ejercer los derechos de acceso, rectificaci\u00f3n, cancelaci\u00f3n y oposici\u00f3n establecidos en dicha Ley a trav\u00e9s de carta dirigida a THE ENGLISH WAY, C.B. adjuntando fotocopia de su DNI\/NIE\/Pasaporte, a la siguiente direcci\u00f3n:<br \/>\nC\/ SANCHIS GUARNER, 8 LOCAL 1, 03730, JAVEA (ALICANTE)<\/p>\n<p>&nbsp;<\/p>\n","protected":false},"excerpt":{"rendered":"<p>POL\u00cdTICA DE PRIVACIDAD: En cumplimiento del art\u00edculo 5 de la Ley 15\/1999, por el que se regula el derecho de informaci\u00f3n en la recogida de los datos, se le informa de los siguientes extremos: Los datos de car\u00e1cter personal que sean recabados de Ud. ser\u00e1n incorporados a un fichero cuyo responsable es THE ENGLISH WAY, C.B.. La recogida de datos [&hellip;]<\/p>\n","protected":false},"author":1,"featured_media":0,"parent":0,"menu_order":0,"comment_status":"closed","ping_status":"closed","template":"","meta":{"footnotes":""},"class_list":["post-384","page","type-page","status-publish","hentry"],"yoast_head":"<!-- This site is optimized with the Yoast SEO plugin v24.8.1 - https:\/\/yoast.com\/wordpress\/plugins\/seo\/ -->\n<title>Privacidad - The English Way<\/title>\n<meta name=\"robots\" content=\"index, follow, max-snippet:-1, max-image-preview:large, max-video-preview:-1\" \/>\n<link rel=\"canonical\" href=\"http:\/\/www.theenglishway.com\/?page_id=384\" \/>\n<meta property=\"og:locale\" content=\"en_US\" \/>\n<meta property=\"og:type\" content=\"article\" \/>\n<meta property=\"og:title\" content=\"Privacidad - The English Way\" \/>\n<meta property=\"og:description\" content=\"POL\u00cdTICA DE PRIVACIDAD: En cumplimiento del art\u00edculo 5 de la Ley 15\/1999, por el que se regula el derecho de informaci\u00f3n en la recogida de los datos, se le informa de los siguientes extremos: Los datos de car\u00e1cter personal que sean recabados de Ud. ser\u00e1n incorporados a un fichero cuyo responsable es THE ENGLISH WAY, C.B.. La recogida de datos [&hellip;]\" \/>\n<meta property=\"og:url\" content=\"http:\/\/www.theenglishway.com\/?page_id=384\" \/>\n<meta property=\"og:site_name\" content=\"The English Way\" \/>\n<meta property=\"article:modified_time\" content=\"2016-09-01T06:23:24+00:00\" \/>\n<meta name=\"twitter:label1\" content=\"Est. reading time\" \/>\n\t<meta name=\"twitter:data1\" content=\"1 minute\" \/>\n<script type=\"application\/ld+json\" class=\"yoast-schema-graph\">{\"@context\":\"https:\/\/schema.org\",\"@graph\":[{\"@type\":\"WebPage\",\"@id\":\"http:\/\/www.theenglishway.com\/?page_id=384\",\"url\":\"http:\/\/www.theenglishway.com\/?page_id=384\",\"name\":\"Privacidad - The English Way\",\"isPartOf\":{\"@id\":\"https:\/\/www.theenglishway.com\/#website\"},\"datePublished\":\"2014-03-09T16:09:28+00:00\",\"dateModified\":\"2016-09-01T06:23:24+00:00\",\"breadcrumb\":{\"@id\":\"http:\/\/www.theenglishway.com\/?page_id=384#breadcrumb\"},\"inLanguage\":\"en-US\",\"potentialAction\":[{\"@type\":\"ReadAction\",\"target\":[\"http:\/\/www.theenglishway.com\/?page_id=384\"]}]},{\"@type\":\"BreadcrumbList\",\"@id\":\"http:\/\/www.theenglishway.com\/?page_id=384#breadcrumb\",\"itemListElement\":[{\"@type\":\"ListItem\",\"position\":1,\"name\":\"Home\",\"item\":\"https:\/\/www.theenglishway.com\/\"},{\"@type\":\"ListItem\",\"position\":2,\"name\":\"Privacidad\"}]},{\"@type\":\"WebSite\",\"@id\":\"https:\/\/www.theenglishway.com\/#website\",\"url\":\"https:\/\/www.theenglishway.com\/\",\"name\":\"The English Way\",\"description\":\"Where learning a new language is a life-long gift\",\"potentialAction\":[{\"@type\":\"SearchAction\",\"target\":{\"@type\":\"EntryPoint\",\"urlTemplate\":\"https:\/\/www.theenglishway.com\/?s={search_term_string}\"},\"query-input\":{\"@type\":\"PropertyValueSpecification\",\"valueRequired\":true,\"valueName\":\"search_term_string\"}}],\"inLanguage\":\"en-US\"}]}<\/script>\n<!-- \/ Yoast SEO plugin. -->","yoast_head_json":{"title":"Privacidad - The English Way","robots":{"index":"index","follow":"follow","max-snippet":"max-snippet:-1","max-image-preview":"max-image-preview:large","max-video-preview":"max-video-preview:-1"},"canonical":"http:\/\/www.theenglishway.com\/?page_id=384","og_locale":"en_US","og_type":"article","og_title":"Privacidad - The English Way","og_description":"POL\u00cdTICA DE PRIVACIDAD: En cumplimiento del art\u00edculo 5 de la Ley 15\/1999, por el que se regula el derecho de informaci\u00f3n en la recogida de los datos, se le informa de los siguientes extremos: Los datos de car\u00e1cter personal que sean recabados de Ud. ser\u00e1n incorporados a un fichero cuyo responsable es THE ENGLISH WAY, C.B.. La recogida de datos [&hellip;]","og_url":"http:\/\/www.theenglishway.com\/?page_id=384","og_site_name":"The English Way","article_modified_time":"2016-09-01T06:23:24+00:00","twitter_misc":{"Est. reading time":"1 minute"},"schema":{"@context":"https:\/\/schema.org","@graph":[{"@type":"WebPage","@id":"http:\/\/www.theenglishway.com\/?page_id=384","url":"http:\/\/www.theenglishway.com\/?page_id=384","name":"Privacidad - The English Way","isPartOf":{"@id":"https:\/\/www.theenglishway.com\/#website"},"datePublished":"2014-03-09T16:09:28+00:00","dateModified":"2016-09-01T06:23:24+00:00","breadcrumb":{"@id":"http:\/\/www.theenglishway.com\/?page_id=384#breadcrumb"},"inLanguage":"en-US","potentialAction":[{"@type":"ReadAction","target":["http:\/\/www.theenglishway.com\/?page_id=384"]}]},{"@type":"BreadcrumbList","@id":"http:\/\/www.theenglishway.com\/?page_id=384#breadcrumb","itemListElement":[{"@type":"ListItem","position":1,"name":"Home","item":"https:\/\/www.theenglishway.com\/"},{"@type":"ListItem","position":2,"name":"Privacidad"}]},{"@type":"WebSite","@id":"https:\/\/www.theenglishway.com\/#website","url":"https:\/\/www.theenglishway.com\/","name":"The English Way","description":"Where learning a new language is a life-long gift","potentialAction":[{"@type":"SearchAction","target":{"@type":"EntryPoint","urlTemplate":"https:\/\/www.theenglishway.com\/?s={search_term_string}"},"query-input":{"@type":"PropertyValueSpecification","valueRequired":true,"valueName":"search_term_string"}}],"inLanguage":"en-US"}]}},"_links":{"self":[{"href":"http:\/\/www.theenglishway.com\/index.php?rest_route=\/wp\/v2\/pages\/384","targetHints":{"allow":["GET"]}}],"collection":[{"href":"http:\/\/www.theenglishway.com\/index.php?rest_route=\/wp\/v2\/pages"}],"about":[{"href":"http:\/\/www.theenglishway.com\/index.php?rest_route=\/wp\/v2\/types\/page"}],"author":[{"embeddable":true,"href":"http:\/\/www.theenglishway.com\/index.php?rest_route=\/wp\/v2\/users\/1"}],"replies":[{"embeddable":true,"href":"http:\/\/www.theenglishway.com\/index.php?rest_route=%2Fwp%2Fv2%2Fcomments&post=384"}],"version-history":[{"count":0,"href":"http:\/\/www.theenglishway.com\/index.php?rest_route=\/wp\/v2\/pages\/384\/revisions"}],"wp:attachment":[{"href":"http:\/\/www.theenglishway.com\/index.php?rest_route=%2Fwp%2Fv2%2Fmedia&parent=384"}],"curies":[{"name":"wp","href":"https:\/\/api.w.org\/{rel}","templated":true}]}}